{"id":223,"date":"2025-12-21T10:59:06","date_gmt":"2025-12-21T09:59:06","guid":{"rendered":"https:\/\/fw-rotenburg.de\/?page_id=223"},"modified":"2025-12-21T11:26:16","modified_gmt":"2025-12-21T10:26:16","slug":"kontakt","status":"publish","type":"page","link":"https:\/\/fw-rotenburg.de\/index.php\/kontakt\/","title":{"rendered":"Kontakt"},"content":{"rendered":"<h5>FREIE W\u00c4HLER Kreisverband Rotenburg (W\u00fcmme)<\/h5>\n<h5>Email: kv.row[\u00e4t]fw-nds.de<\/h5>\n<h5><\/h5>\n<h5><img loading=\"lazy\" decoding=\"async\" class=\"alignnone size-medium wp-image-237\" src=\"http:\/\/fw-rotenburg.de\/wp-content\/uploads\/2025\/12\/Scheunemann-214x300.png\" alt=\"\" width=\"214\" height=\"300\" srcset=\"https:\/\/fw-rotenburg.de\/wp-content\/uploads\/2025\/12\/Scheunemann-214x300.png 214w, https:\/\/fw-rotenburg.de\/wp-content\/uploads\/2025\/12\/Scheunemann.png 263w\" sizes=\"auto, (max-width: 214px) 100vw, 214px\" \/><\/h5>\n<p>G\u00fcnter Scheunemann<br \/>\nKreisvorsitzender<br \/>\nkv[\u00e4t]fw-nds.de<\/p>\n<p><img loading=\"lazy\" decoding=\"async\" class=\"alignnone size-medium wp-image-236\" src=\"http:\/\/fw-rotenburg.de\/wp-content\/uploads\/2025\/12\/Hoffmann-214x300.png\" alt=\"\" width=\"214\" height=\"300\" srcset=\"https:\/\/fw-rotenburg.de\/wp-content\/uploads\/2025\/12\/Hoffmann-214x300.png 214w, https:\/\/fw-rotenburg.de\/wp-content\/uploads\/2025\/12\/Hoffmann.png 263w\" sizes=\"auto, (max-width: 214px) 100vw, 214px\" \/><\/p>\n<p>Karsten D. Hoffmann<br \/>\nStellv. Kreisvorsitzender<br \/>\nk.hoffmann@fw-nds.de<\/p>\n<h5>FREIE W\u00c4HLER Niedersachsen<\/h5>\n<p class=\"white_footer_text\">M\u00fchlenstra\u00dfe 13<br \/>\n27777 Ganderkesee<\/p>\n<p>Telefon: +49 (0)4222 9659340<br \/>\nTelefax: +49 (0)4222 9659349<br \/>\nE-Mail: geschaeftsstelle[\u00e4t]fw-nds.de<\/p>\n","protected":false},"excerpt":{"rendered":"<p>FREIE W\u00c4HLER Kreisverband Rotenburg (W\u00fcmme) Email: kv.row[\u00e4t]fw-nds.de G\u00fcnter Scheunemann Kreisvorsitzender kv[\u00e4t]fw-nds.de Karsten D. Hoffmann Stellv. Kreisvorsitzender k.hoffmann@fw-nds.de FREIE W\u00c4HLER Niedersachsen M\u00fchlenstra\u00dfe 13 27777 Ganderkesee Telefon: +49 (0)4222 9659340 Telefax: +49 (0)4222 9659349 E-Mail: geschaeftsstelle[\u00e4t]fw-nds.de<\/p>\n","protected":false},"author":1,"featured_media":0,"parent":0,"menu_order":0,"comment_status":"closed","ping_status":"closed","template":"","meta":{"footnotes":""},"class_list":["post-223","page","type-page","status-publish"],"_links":{"self":[{"href":"https:\/\/fw-rotenburg.de\/index.php\/wp-json\/wp\/v2\/pages\/223","targetHints":{"allow":["GET"]}}],"collection":[{"href":"https:\/\/fw-rotenburg.de\/index.php\/wp-json\/wp\/v2\/pages"}],"about":[{"href":"https:\/\/fw-rotenburg.de\/index.php\/wp-json\/wp\/v2\/types\/page"}],"author":[{"embeddable":true,"href":"https:\/\/fw-rotenburg.de\/index.php\/wp-json\/wp\/v2\/users\/1"}],"replies":[{"embeddable":true,"href":"https:\/\/fw-rotenburg.de\/index.php\/wp-json\/wp\/v2\/comments?post=223"}],"version-history":[{"count":2,"href":"https:\/\/fw-rotenburg.de\/index.php\/wp-json\/wp\/v2\/pages\/223\/revisions"}],"predecessor-version":[{"id":238,"href":"https:\/\/fw-rotenburg.de\/index.php\/wp-json\/wp\/v2\/pages\/223\/revisions\/238"}],"wp:attachment":[{"href":"https:\/\/fw-rotenburg.de\/index.php\/wp-json\/wp\/v2\/media?parent=223"}],"curies":[{"name":"wp","href":"https:\/\/api.w.org\/{rel}","templated":true}]}}