{"id":206,"date":"2025-12-21T01:44:48","date_gmt":"2025-12-21T00:44:48","guid":{"rendered":"https:\/\/fw-rotenburg.de\/?page_id=206"},"modified":"2025-12-21T11:11:26","modified_gmt":"2025-12-21T10:11:26","slug":"impressum","status":"publish","type":"page","link":"https:\/\/fw-rotenburg.de\/index.php\/impressum\/","title":{"rendered":"Impressum"},"content":{"rendered":"\n<p>Angaben gem\u00e4\u00df \u00a75 DDG<\/p>\n\n\n\n<p><strong>FREIE W\u00c4HLER Rotenburg (W\u00fcmme)<\/strong><\/p>\n\n\n\n<p>c\/o <strong>FREIE W\u00c4HLER<\/strong> <strong>Niedersachsen<\/strong><br>M\u00fchlenstra\u00dfe 13<br>27777 Ganderkesee<\/p>\n\n\n\n<p>Telefon: <a href=\"tel:+49 (0)4222 9659340\">+49 (0)4222 9659340<\/a><br>E-Mail: <a href=\"mailto:gs@fw-nds.de\">gs@fw-nds.de<\/a><\/p>\n\n\n\n<p><\/p>\n\n\n\n<p>Vertreten durch:<\/p>\n\n\n\n<p>G\u00fcnter Scheunemann (Kreisvorsitzender)<\/p>\n\n\n\n<p><\/p>\n\n\n\n<p><\/p>\n\n\n\n<hr class=\"wp-block-separator has-alpha-channel-opacity\"\/>\n\n\n\n<p>FREIE W\u00c4HLER ist eine beim Bundeswahlleiter unter der laufenden Nummer 44 registrierte deutsche, etablierte Partei, mit dem Namen FREIE W\u00c4HLER, Kurzbezeichnung FREIE W\u00c4HLER. Gr\u00fcndungsdatum war der 24.01.2009, die Eintragung in das Parteienverzeichnis erfolgte am 18.06.2010.<\/p>\n\n\n\n<p>Verantwortlich f\u00fcr den Inhalt der Webseite:<\/p>\n\n\n\n<p>Karsten Hoffmann<br>c\/o FREIE W\u00c4HLER Niedersachsen<br>M\u00fchlenstra\u00dfe 13<br>27777 Ganderkesee<\/p>\n\n\n\n<p><\/p>\n\n\n\n<p><\/p>\n\n\n\n<p><\/p>\n\n\n\n<p><\/p>\n\n\n\n<p><\/p>\n\n\n\n<p><\/p>\n\n\n\n<p><\/p>\n\n\n\n<p>Haftungsausschluss<\/p>\n\n\n\n<p>Haftung f\u00fcr Inhalte<\/p>\n\n\n\n<p>Als Diensteanbieter sind wir gem\u00e4\u00df DDG&nbsp;f\u00fcr eigene Inhalte auf diesen Seiten nach den allgemeinen Gesetzen verantwortlich. Nach DDG&nbsp;sind wir als Diensteanbieter jedoch nicht verpflichtet, \u00fcbermittelte oder gespeicherte fremde Informationen zu \u00fcberwachen oder nach Umst\u00e4nden zu forschen, die auf eine rechtswidrige T\u00e4tigkeit hinweisen.<\/p>\n\n\n\n<p>Verpflichtungen zur Entfernung oder Sperrung der Nutzung von Informationen nach den allgemeinen Gesetzen bleiben hiervon unber\u00fchrt. Eine diesbez\u00fcgliche Haftung ist jedoch erst ab dem Zeitpunkt der Kenntnis einer konkreten Rechtsverletzung m\u00f6glich. Bei Bekanntwerden von entsprechenden Rechtsverletzungen werden wir diese Inhalte umgehend entfernen.<\/p>\n\n\n\n<p>Haftung f\u00fcr Links<\/p>\n\n\n\n<p>Unser Angebot enth\u00e4lt Links zu externen Websites Dritter, auf deren Inhalte wir keinen Einfluss haben. Deshalb k\u00f6nnen wir f\u00fcr diese fremden Inhalte auch keine Gew\u00e4hr \u00fcbernehmen. F\u00fcr die Inhalte der verlinkten Seiten ist stets der jeweilige Anbieter oder Betreiber der Seiten verantwortlich. Die verlinkten Seiten wurden zum Zeitpunkt der Verlinkung auf m\u00f6gliche Rechtsverst\u00f6\u00dfe \u00fcberpr\u00fcft. Rechtswidrige Inhalte waren zum Zeitpunkt der Verlinkung nicht erkennbar.<\/p>\n\n\n\n<p>Eine permanente inhaltliche Kontrolle der verlinkten Seiten ist jedoch ohne konkrete Anhaltspunkte einer Rechtsverletzung nicht zumutbar. Bei Bekanntwerden von Rechtsverletzungen werden wir derartige Links umgehend entfernen.<\/p>\n\n\n\n<p>Urheberrecht<\/p>\n\n\n\n<p>Die durch die Seitenbetreiber erstellten Inhalte und Werke auf diesen Seiten unterliegen dem deutschen Urheberrecht. Die Vervielf\u00e4ltigung, Bearbeitung, Verbreitung und jede Art der Verwertung au\u00dferhalb der Grenzen des Urheberrechtes bed\u00fcrfen der schriftlichen Zustimmung des jeweiligen Autors bzw. Erstellers. Downloads und Kopien dieser Seite sind nur f\u00fcr den privaten, nicht kommerziellen Gebrauch gestattet.<\/p>\n\n\n\n<p>Soweit die Inhalte auf dieser Seite nicht vom Betreiber erstellt wurden, werden die Urheberrechte Dritter beachtet. Insbesondere werden Inhalte Dritter als solche gekennzeichnet. Sollten Sie trotzdem auf eine Urheberrechtsverletzung aufmerksam werden, bitten wir um einen entsprechenden Hinweis. Bei Bekanntwerden von Rechtsverletzungen werden wir derartige Inhalte umgehend entfernen.<\/p>\n\n\n\n<p>Quellverweis: <a href=\"https:\/\/www.e-recht24.de\/\" target=\"_blank\" rel=\"noreferrer noopener\">e-recht24.de<\/a><\/p>\n","protected":false},"excerpt":{"rendered":"<p>Angaben gem\u00e4\u00df \u00a75 DDG FREIE W\u00c4HLER Rotenburg (W\u00fcmme) c\/o FREIE W\u00c4HLER NiedersachsenM\u00fchlenstra\u00dfe 1327777 Ganderkesee Telefon: +49 (0)4222 9659340E-Mail: gs@fw-nds.de Vertreten durch: G\u00fcnter Scheunemann (Kreisvorsitzender) FREIE W\u00c4HLER ist eine beim Bundeswahlleiter unter der laufenden Nummer 44 registrierte deutsche, etablierte Partei, mit dem Namen FREIE W\u00c4HLER, Kurzbezeichnung FREIE W\u00c4HLER. Gr\u00fcndungsdatum war der 24.01.2009, die Eintragung in das &#8230; <a title=\"Impressum\" class=\"read-more\" href=\"https:\/\/fw-rotenburg.de\/index.php\/impressum\/\" aria-label=\"Mehr Informationen \u00fcber Impressum\">Weiterlesen<\/a><\/p>\n","protected":false},"author":1,"featured_media":0,"parent":0,"menu_order":0,"comment_status":"closed","ping_status":"closed","template":"","meta":{"footnotes":""},"class_list":["post-206","page","type-page","status-publish"],"_links":{"self":[{"href":"https:\/\/fw-rotenburg.de\/index.php\/wp-json\/wp\/v2\/pages\/206","targetHints":{"allow":["GET"]}}],"collection":[{"href":"https:\/\/fw-rotenburg.de\/index.php\/wp-json\/wp\/v2\/pages"}],"about":[{"href":"https:\/\/fw-rotenburg.de\/index.php\/wp-json\/wp\/v2\/types\/page"}],"author":[{"embeddable":true,"href":"https:\/\/fw-rotenburg.de\/index.php\/wp-json\/wp\/v2\/users\/1"}],"replies":[{"embeddable":true,"href":"https:\/\/fw-rotenburg.de\/index.php\/wp-json\/wp\/v2\/comments?post=206"}],"version-history":[{"count":5,"href":"https:\/\/fw-rotenburg.de\/index.php\/wp-json\/wp\/v2\/pages\/206\/revisions"}],"predecessor-version":[{"id":231,"href":"https:\/\/fw-rotenburg.de\/index.php\/wp-json\/wp\/v2\/pages\/206\/revisions\/231"}],"wp:attachment":[{"href":"https:\/\/fw-rotenburg.de\/index.php\/wp-json\/wp\/v2\/media?parent=206"}],"curies":[{"name":"wp","href":"https:\/\/api.w.org\/{rel}","templated":true}]}}